{"id":547,"date":"2020-09-12T15:15:23","date_gmt":"2020-09-12T15:15:23","guid":{"rendered":"https:\/\/chute-agency.com\/datenschutz\/"},"modified":"2024-06-13T20:37:35","modified_gmt":"2024-06-13T20:37:35","slug":"datenschutz","status":"publish","type":"page","link":"https:\/\/chute-agency.com\/en\/datenschutz\/","title":{"rendered":"Datenschutz"},"content":{"rendered":"\t\t<div data-elementor-type=\"wp-page\" data-elementor-id=\"547\" class=\"elementor elementor-547 elementor-3\">\n\t\t\t\t\t\t<section class=\"elementor-section elementor-top-section elementor-element elementor-element-3b938d63 elementor-section-boxed elementor-section-height-default elementor-section-height-default parallax_section_no qode_elementor_container_no\" data-id=\"3b938d63\" data-element_type=\"section\" data-e-type=\"section\">\n\t\t\t\t\t\t<div class=\"elementor-container elementor-column-gap-no\">\n\t\t\t\t\t<div class=\"elementor-column elementor-col-50 elementor-top-column elementor-element elementor-element-5737cb32\" data-id=\"5737cb32\" data-element_type=\"column\" data-e-type=\"column\">\n\t\t\t<div class=\"elementor-widget-wrap elementor-element-populated\">\n\t\t\t\t\t\t<div class=\"elementor-element elementor-element-7b67f1d elementor-widget elementor-widget-spacer\" data-id=\"7b67f1d\" data-element_type=\"widget\" data-e-type=\"widget\" data-widget_type=\"spacer.default\">\n\t\t\t\t<div class=\"elementor-widget-container\">\n\t\t\t\t\t\t\t<div class=\"elementor-spacer\">\n\t\t\t<div class=\"elementor-spacer-inner\"><\/div>\n\t\t<\/div>\n\t\t\t\t\t\t<\/div>\n\t\t\t\t<\/div>\n\t\t\t\t<div class=\"elementor-element elementor-element-75915a3a elementor-widget elementor-widget-text-editor\" data-id=\"75915a3a\" data-element_type=\"widget\" data-e-type=\"widget\" data-widget_type=\"text-editor.default\">\n\t\t\t\t<div class=\"elementor-widget-container\">\n\t\t\t\t\t\t\t\t\t<h2>Datenschutzerkl\u00e4rung<\/h2><p>\u00a0<\/p><p>\u00a0<\/p><p>Tex Consulting Kathrin Birk nimmt den Schutz Ihrer perso\u0308nlichen Daten sehr ernst. Wir behandeln Ihre personenbezogenen Daten vertraulich und entsprechend der gesetzlichen Datenschutzvorschriften sowie dieser Datenschutzerkl\u00e4rung. Deshalb stellen wir Ihnen die Datenverarbeitungsvorg\u00e4nge auf unseren Webseiten im Folgenden transparent dar, damit Ihnen deutlich wird, was wir zum Schutz Ihrer Daten unternehmen und welche Daten wir \u00fcberhaupt erheben.\u00a0<\/p><p>\u00a0<\/p><p>Mit der Nutzung unserer Website willigen Sie ein, dass wir bestimmte Daten gem\u00e4ss den nachstehenden Bestimmungen erheben d\u00fcrfen. Im Gegenzug verpflichten wir uns, Ihre Daten jederzeit zu sch\u00fctzen.<\/p><p>\u00a0<\/p><p>Die Nutzung unserer Website ist in der Regel ohne Angabe personenbezogener Daten mo\u0308glich. Soweit auf unseren Seiten personenbezogene Daten (beispielsweise Name, Anschrift oder E-Mail-Adressen) erhoben werden, erfolgt dies, soweit mo\u0308glich, stets auf freiwilliger Basis. Diese Daten werden ohne Ihre ausdru\u0308ckliche Zustimmung nicht an Dritte weitergegeben.<\/p><p>\u00a0<\/p><p>Wir weisen darauf hin, dass die Datenu\u0308bertragung im Internet (z.B. bei der Kommunikation per E-Mail) Sicherheitslu\u0308cken aufweisen kann. Ein lu\u0308ckenloser Schutz der Daten vor dem Zugriff durch Dritte ist nicht mo\u0308glich.\u00a0<\/p><p>\u00a0<\/p><p>Alle personenbezogenen Daten werden entsprechend den jeweils geltenden Bestimmungen zum Schutz personenbezogener Daten in erster Linie zum Zweck Ihrer individuellen Betreuung, zur Vereinfachung der Nutzung unserer Webseite und zur Verbesserung der Qualit\u00e4t unserer Webseite und ihrer Inhalte verarbeitet und genutzt.<\/p><p>\u00a0<\/p><h6>Cookies<\/h6><p>\u00a0<\/p><p>Unsere Webseite verwendet teilweise Cookies. Cookies richten auf Ihrem Rechner keinen Schaden an. Cookies sind kleine Textdateien, die auf Ihrem Rechner abgelegt werden und die Ihr Browser speichert, um eine Wiedererkennung und eine Analyse dessen Nutzung von Webseiten erm\u00f6glichen.\u00a0<\/p><p>\u00a0<\/p><p>Die meisten der von uns verwendeten Cookies sind so genannte \u201eSession-Cookies\u201c. Sie werden nach Ende Ihres Besuchs automatisch gelo\u0308scht. Andere Cookies bleiben auf Ihrem Endger\u00e4t gespeichert, bis Sie diese lo\u0308schen. Diese Cookies ermo\u0308glichen es uns, Ihren Browser beim n\u00e4chsten Besuch wiederzuerkennen.\u00a0<\/p><p>\u00a0<\/p><p>Sie ko\u0308nnen Ihren Browser so einstellen, dass Sie u\u0308ber das Setzen von Cookies informiert werden und Cookies nur im Einzelfall erlauben, die Annahme von Cookies fu\u0308r bestimmte F\u00e4lle oder generell ausschliessen sowie das automatische Lo\u0308schen der Cookies beim Schliessen des Browsers aktivieren. Bei der Deaktivierung von Cookies kann die Funktionalit\u00e4t dieser Website eingeschr\u00e4nkt sein.<\/p><p>\u00a0<\/p><p>Personalisierte Werbung und weiteres Advertising auf Google Diensten k\u00f6nnen Sie auf\u00a0<a href=\"https:\/\/adssettings.google.com\/authenticated?hl=de\" target=\"_blank\" rel=\"noopener\">https:\/\/adssettings.google.com\/authenticated?hl=de<\/a>\u00a0unterbinden. Um weitere Cookies und personalisierte Werbung auszuschliessen, k\u00f6nnen Sie auch diverse Anbieter wie\u00a0<a href=\"http:\/\/optout.aboutads.info\/?c=2#!\/\" target=\"_blank\" rel=\"noopener\">http:\/\/optout.aboutads.info\/?c=2#!\/<\/a>\u00a0nutzen.<\/p><p>\u00a0<\/p><h6>Server-log-files<\/h6><p>\u00a0<\/p><p>Der Provider der Seiten erhebt und speichert automatisch Informationen in so genannten Server-Log Files, die Ihr Browser automatisch an uns u\u0308bermittelt. Dies sind:\u00a0<\/p><p>\u00a0<\/p><p>Browsertyp und Browserversion\u00a0<br \/>verwendetes Betriebssystem<br \/>Verweisende Website\u00a0<br \/>Hostname des zugreifenden Rechners\u00a0<br \/>Datum und Uhrzeit der Serveranfrage<br \/>Anonymisierte IP-Adressen<\/p><p>\u00a0<\/p><p>Diese Daten sind nicht bestimmten Personen zuordenbar. Eine Zusammenf\u00fchrung dieser Daten mit anderen Datenquellen wird nicht vorgenommen. Wir behalten uns vor, diese Daten nachtr\u00e4glich zu pru\u0308fen, wenn uns konkrete Anhaltspunkte fu\u0308r eine rechtswidrige Nutzung bekannt werden.\u00a0<\/p><p>\u00a0<\/p><h6>Google Analytics<\/h6><p>\u00a0<\/p><p>Unsere Webseite nutzt Funktionen des Webanalysedienstes Google Analytics. Anbieter ist die Google Inc., 1600 Amphitheatre Parkway Mountain View, CA 94043, USA.\u00a0<\/p><p>\u00a0<\/p><p>Google Analytics verwendet so genannte &#8220;Cookies&#8221;. Das sind Textdateien, die auf Ihrem Computer gespeichert werden und die eine Analyse der Benutzung der Website durch Sie ermo\u0308glichen. Die durch das Cookie erzeugten Informationen u\u0308ber Ihre Benutzung dieser Website werden in der Regel an einen Server von Google in den USA u\u0308bertragen und dort gespeichert.\u00a0<\/p><p>\u00a0<\/p><p><strong>IP Anonymisierung\u00a0<\/strong><\/p><p>\u00a0<\/p><p>Wir haben auf unserer Website die Funktion IP-Anonymisierung aktiviert. Dadurch wird Ihre IP-Adresse geku\u0308rzt. Nur in Ausnahmef\u00e4llen wird die volle IP-Adresse an einen Server von Google in den USA u\u0308bertragen und dort geku\u0308rzt. Im Auftrag des Betreibers dieser Website wird Google diese Informationen benutzen, um Ihre Nutzung der Website auszuwerten, um Reports u\u0308ber die Websiteaktivit\u00e4ten zusammenzustellen und um weitere mit der Websitenutzung und der Internetnutzung verbundene Dienstleistungen gegenu\u0308ber dem Websitebetreiber zu erbringen. Die im Rahmen von Google Analytics von Ihrem Browser u\u0308bermittelte IP- Adresse wird nicht mit anderen Daten von Google zusammengefu\u0308hrt.\u00a0<\/p><p>\u00a0<\/p><p><strong>Browser Plugin\u00a0<\/strong><\/p><p>\u00a0<\/p><p>Sie ko\u0308nnen die Speicherung der Cookies durch eine entsprechende Einstellung Ihrer Browser-Software verhindern; wir weisen Sie jedoch darauf hin, dass Sie in diesem Fall gegebenenfalls nicht s\u00e4mtliche Funktionen dieser Website vollumf\u00e4nglich werden nutzen ko\u0308nnen. Sie ko\u0308nnen daru\u0308ber hinaus die Erfassung der durch den Cookie erzeugten und auf Ihre Nutzung der Website bezogenen Daten (inkl. Ihrer IP-Adresse) an Google sowie die Verarbeitung dieser Daten durch Google verhindern, indem Sie das unter dem folgenden Link verfu\u0308gbare Browser-Plugin herunterladen und installieren:<br \/><a style=\"font-family: Raleway, sans-serif;\" href=\"https:\/\/tools.google.com\/dlpage\/gaoptout?hl=de\" target=\"_blank\" rel=\"noopener\">https:\/\/tools.google.com\/dlpage\/gaoptout?hl=de<\/a><\/p><p>\u00a0<\/p><p><strong>Widerspruch gegen Datenerfassung\u00a0<\/strong><\/p><p>\u00a0<\/p><p>Sie ko\u0308nnen die Erfassung Ihrer Daten durch Google Analytics verhindern, indem Sie auf folgenden Link klicken. Es wird ein Opt-Out-Cookie gesetzt, der die Erfassung Ihrer Daten bei zuku\u0308nftigen Besuchen dieser Website verhindert:\u00a0Google Analytics deaktivieren<\/p><p>\u00a0<\/p><p>Mehr Informationen zum Umgang mit Nutzerdaten bei Google Analytics finden Sie in der Datenschutzerkl\u00e4rung von Google:\u00a0<a href=\"https:\/\/support.google.com\/analytics\/answer\/6004245?hl=de\" target=\"_blank\" rel=\"noopener\">https:\/\/support.google.com\/analytics\/answer\/6004245?hl=de<\/a><\/p><p>\u00a0<\/p><p><strong>Demografische Merkmale bei Google Analytics\u00a0<\/strong><\/p><p>\u00a0<\/p><p>Diese Website nutzt die Funktion \u201cdemografische Merkmale\u201d von Google Analytics. Dadurch ko\u0308nnen Berichte erstellt werden, die Aussagen zu Alter, Geschlecht und Interessen der Seitenbesucher enthalten. Diese Daten stammen aus interessenbezogener Werbung von Google sowie aus Besucherdaten von Drittanbietern. Diese Daten ko\u0308nnen keiner bestimmten Person zugeordnet werden. Sie ko\u0308nnen diese Funktion jederzeit u\u0308ber die Anzeigeneinstellungen in Ihrem Google-Konto deaktivieren oder die Erfassung Ihrer Daten durch Google Analytics wie im Punkt \u201cWiderspruch gegen Datenerfassung\u201d dargestellt generell untersagen.<\/p><p>\u00a0<\/p><h6>Google Adwords<\/h6><p>\u00a0<\/p><p>Unsere Webseite verwendet Google AdWords, welches ein Online-Advertising Programm von Google Inc., 1600 Amphitheatre Parkway, Mountain View, CA 94043, United States (\u201cGoogle\u201d) ist.<\/p><p>\u00a0<\/p><p>Im Umfang des Google AdWords Angebots nutzen wir die Cookies f\u00fcr das Conversion-Tracking. Diese Cookies werden gesetzt, wenn sie auf eine Anzeige von Google klicken. Cookies sind kleine Textdateien, die der jeweilige Internet-Browser auf dem Ger\u00e4t des Nutzers ablegt. Diese Cookies dienen nicht der pers\u00f6nlichen Identifizierung des Nutzers. Deshalb l\u00e4uft die G\u00fcltigkeit dieser Cookies auch nach 30 Tagen ab. Wenn das Cookie noch g\u00fcltig ist und der Nutzer auf eine bestimmte Seite klickt, k\u00f6nnen Google und wir sehen, dass der Nutzer auf eine Anzeige geklickt hat und zur entsprechenden Seite weitergeleitet wurde.<\/p><p>\u00a0<\/p><p>Die Informationen, die mittels Conversion-Cookies eingeholt werden, dienen dazu, Conversion-Statistiken f\u00fcr AdWords-Kunden zu erstellen. Als Adwords-Kunde erfahren wir die Gesamtanzahl der User, die auf unsere Anzeige und sich anschliessend auf eine Seite (mit einem Conversion-Tracking-Tag) geklickt haben. Als Kunde erhalten wir aber keinerlei Informationen, mit denen wir einen Nutzer pers\u00f6nlich identifizieren k\u00f6nnten. Falls Sie nicht am Tracking teilnehmen m\u00f6chten, k\u00f6nnen Sie diese Funtion deaktivieren. Das Cookie des Google Conversion-Trackings k\u00f6nnen Sie \u00fcber ihren jeweiligen Browser bei den Nutzereinstellungen deaktivieren.<\/p><p>\u00a0<\/p><p>F\u00fcr die Speicherung der Conversion-Cookies besteht ein berechtigtes Interesse. Als Webseitenbetreiber haben wir ein berechtigtes Interesse an der Analyse des Userverhaltens, um seine Werbung zu optimieren.<\/p><p>\u00a0<\/p><p>Unter den Datenschutzbestimmungen von Google:\u00a0<a href=\"https:\/\/www.google.de\/policies\/privacy\/\" target=\"_blank\" rel=\"noopener\">https:\/\/www.google.de\/policies\/privacy\/<\/a>\u00a0finden Sie mehr Informationen zu Google AdWords und dem Google Conversion-Tracking.<\/p><p>\u00a0<\/p><h6>Google Tag Manager<\/h6><p>\u00a0<\/p><p>Der Google Tag Manager haben wir auf unserer Webseite implementiert, um diverse Tags in die Webseite zu integrieren. Bei einer eingehenden http-Anfrage, erfasst dieser die IP-Adresse und bewahrt diese kurzfristig auf, um allf\u00e4llige Fehler bei der Einbindung zu korrigieren.<\/p><p>\u00a0<\/p><h6>Facebook-Connect<\/h6><p>\u00a0<\/p><p>Auf unserer Webseite k\u00f6nnen Sie sich \u00fcber Facebook Connect registrieren. Anbieter dieses Dienstes ist die Facebook Ireland Limited, 4 Grand Canal Square, Dublin 2, Irland.<\/p><p>\u00a0<\/p><p>Beim Klick auf das Facebook-Icon, werden Sie direkt auf die Facebook-Plattform weitergeleitet. Dort k\u00f6nnen Sie sich mit Ihren Benutzerdaten anmelden. In diesem Prozess wird Ihr Facebook-Profil mit unserer Website bzw. unseren Diensten verkn\u00fcpft. Dadurch erhalten wir Zugriff auf Ihre Angaben und Daten aus Facebook. Dies sind in erster Linie:<\/p><p>\u00a0<\/p><p>Facebook-Titelbild<br \/>Facebook-Name<br \/>Facebook-Profil- und Titelbild<br \/>bei Facebook hinterlegte E-Mail-Adresse<br \/>Facebook-Freundeslisten<br \/>Facebook Likes (\u201cGef\u00e4llt-mir\u201d-Angaben)<br \/>Facebook-ID<br \/>Geburtstag<br \/>Sprache<br \/>Land<br \/>Geschlecht<\/p><p>\u00a0<\/p><p>Weitere Informationen finden Sie in den Facebook-Nutzungsbedingungen und den Facebook-Datenschutzbestimmungen. Diese finden Sie unter:\u00a0<a href=\"https:\/\/de-de.facebook.com\/about\/privacy\/\" target=\"_blank\" rel=\"noopener\">https:\/\/de-de.facebook.com\/about\/privacy\/<\/a> und <a href=\"https:\/\/www.facebook.com\/legal\/terms\" target=\"_blank\" rel=\"noopener\">https:\/\/www.facebook.com\/legal\/terms<\/a><\/p><p>\u00a0<\/p><h6>Facebook-Pixel<\/h6><p>\u00a0<\/p><p>Wir nutzen den Facebook-Pixel von Facebook, Anbieter Facebook Inc., 1 Hacker Way, Menlo Park, California 94025, USA, (\u201cFacebook\u201d). Wenn der User auf eine Facebook Werbeanzeige klickt, wird er auf die verlinkte Webseite weitergeleitet. Dank dem Facebook Pixel kann das Userverhalten w\u00e4hrend des Besuchs gemessen werden. Dank dem Pixel k\u00f6nnen wir zuk\u00fcnftige Marketing-Massnahmen optimieren. Jegliche Daten sind f\u00fcr uns als Webseitenbetreiber aber anonym. Wir k\u00f6nnen mit diesen Daten in keiner Weise auf die Identit\u00e4t des Users schliessen.<\/p><p>\u00a0<\/p><p>Die Daten werden aber von Facebook gespeichert und f\u00fcr eigene Werbezwecke (von Facebook) verwendet, entsprechend der Facebook- Datenverwendungsrichtlinie (<a href=\"https:\/\/www.facebook.com\/about\/privacy\/\" target=\"_blank\" rel=\"noopener\">https:\/\/www.facebook.com\/about\/privacy\/<\/a>).\u00a0<\/p><p>\u00a0<\/p><p>Wie Facebook diese Daten weiterverwendet, kann von uns als Webseitenbetreiber nicht beeinflusst werden.<\/p><p>\u00a0<\/p><p>Unter folgendem Link k\u00f6nnen Sie ihre Privatsph\u00e4re weiter sch\u00fctzen:\u00a0<a href=\"https:\/\/www.facebook.com\/about\/privacy\/\" target=\"_blank\" rel=\"noopener\">https:\/\/www.facebook.com\/about\/privacy\/<\/a>.<\/p><p>\u00a0<\/p><p>Die Remarketing-Funktion von Facebook nennt sich \u201eCustom Audiences\u201c. Diese k\u00f6nnen Sie unter dem folgenden Link deaktivieren:\u00a0<a href=\"https:\/\/www.facebook.com\/ads\/preferences\/?entry_product=ad_settings_screen\" target=\"_blank\" rel=\"noopener\">https:\/\/www.facebook.com\/ads\/preferences\/?entry_product=ad_settings_screen<\/a><\/p><p>\u00a0<\/p><p>User, die keinen Facebook Account besitzen, k\u00f6nnen die Werbung nach dem Nutzerverhalten ebenfalls deaktivieren, zum Beispiel bei folgendem Anbieter (der Website der European Interactive Digital Advertising Alliance):\u00a0<a href=\"http:\/\/www.youronlinechoices.com\/de\/praferenzmanagement\/\" target=\"_blank\" rel=\"noopener\">http:\/\/www.youronlinechoices.com\/de\/praferenzmanagement\/<\/a><\/p><p>\u00a0<\/p><h6>SSL-Verschlu\u0308sselung<\/h6><p>\u00a0<\/p><p>Diese Seite nutzt aus Gru\u0308nden der Sicherheit und zum Schutz der U\u0308bertragung vertraulicher Inhalte, wie zum Beispiel der Anfragen, die Sie an uns als Seitenbetreiber senden, eine SSL-Verschlu\u0308sselung. Eine verschlu\u0308sselte Verbindung erkennen Sie daran, dass die Adresszeile des Browsers von &#8220;http:\/\/&#8221; auf &#8220;https:\/\/&#8221; wechselt und an dem Schloss-Symbol in Ihrer Browserzeile.\u00a0<\/p><p>\u00a0<\/p><p>Wenn die SSL-Verschlu\u0308sselung aktiviert ist, ko\u0308nnen die Daten, die Sie an uns u\u0308bermitteln, nicht von Dritten mitgelesen werden.\u00a0<\/p><p>\u00a0<\/p><h6>Zustimmungserkl\u00e4rung<\/h6><p>\u00a0<\/p><p>Durch die Inanspruchnahme unserer personenbezogenen Dienste bzw. durch Ihr Einverst\u00e4ndnis zur Cookie-Nutzung stimmen Sie hiermit zu, dass Daten \u00fcber Ihre individuelle Nutzung der von uns angebotenen Web-Dienste unbegrenzt, solange sie f\u00fcr den erkl\u00e4rten Zweck erforderlich sind bzw. bis zu Ihrem Widerruf, gespeichert und analysiert werden.<\/p><p>\u00a0<\/p><h6>Widerruf der Zustimmung, Recht auf Auskunft, Lo\u0308schung, Sperrung<\/h6><p>\u00a0<\/p><p>Ihre Zustimmung k\u00f6nnen Sie jederzeit widerrufen. Durch den Widerruf der Zustimmung wird die Rechtm\u00e4ssigkeit der aufgrund der Zustimmung bis zum Widerruf erfolgten Verarbeitung nicht ber\u00fchrt. Im Falle des Widerrufes Ihrer Zustimmung werden die bisher \u00fcber Sie gespeicherten Daten anonymisiert und in weiterer Folge nur f\u00fcr statistische Zwecke ohne Personenbezug weiterverwendet.<\/p><p>\u00a0<\/p><p>Sie haben jederzeit das Recht auf unentgeltliche Auskunft u\u0308ber Ihre gespeicherten personenbezogenen Daten, deren Herkunft und Empf\u00e4nger und den Zweck der Datenverarbeitung sowie ein Recht auf Berichtigung, Sperrung oder Lo\u0308schung dieser Daten.<\/p><p>\u00a0<\/p><p>Hierzu sowie zu weiteren Fragen zum Thema personenbezogene Daten ko\u0308nnen Sie sich jederzeit unter der im Impressum angegebenen Adresse an uns wenden.\u00a0<\/p><p>\u00a0<\/p><h6>Rechtliche Grundlage<\/h6><p>\u00a0<\/p><p>Die schweizerische Datenschutzgesetzgebung bildet die Grundlage dieser Datenschutzerkl\u00e4rung.<\/p><p>\u00a0<\/p><h6>Ver\u00e4nderung der Datenschutzerkl\u00e4rung<\/h6><p>\u00a0<\/p><p>Wir passen die vorliegende Datenschutzerkl\u00e4rung, soweit erforderlich, stets den neuen und sich \u00e4ndernden Bed\u00fcrfnissen an. Eine grundlegende Ver\u00e4nderung wird zu gegebener Zeit an prominenter Stelle auf der Website kommuniziert.\u00a0<\/p>\t\t\t\t\t\t\t\t<\/div>\n\t\t\t\t<\/div>\n\t\t\t\t\t<\/div>\n\t\t<\/div>\n\t\t\t\t<div class=\"elementor-column elementor-col-50 elementor-top-column elementor-element elementor-element-123ba18\" data-id=\"123ba18\" data-element_type=\"column\" data-e-type=\"column\">\n\t\t\t<div class=\"elementor-widget-wrap elementor-element-populated\">\n\t\t\t\t\t\t\t<\/div>\n\t\t<\/div>\n\t\t\t\t\t<\/div>\n\t\t<\/section>\n\t\t\t\t<section class=\"elementor-section elementor-top-section elementor-element elementor-element-1742f05 elementor-section-boxed elementor-section-height-default elementor-section-height-default parallax_section_no qode_elementor_container_no\" data-id=\"1742f05\" data-element_type=\"section\" data-e-type=\"section\">\n\t\t\t\t\t\t<div class=\"elementor-container elementor-column-gap-no\">\n\t\t\t\t\t<div class=\"elementor-column elementor-col-100 elementor-top-column elementor-element elementor-element-91a5805\" data-id=\"91a5805\" data-element_type=\"column\" data-e-type=\"column\">\n\t\t\t<div class=\"elementor-widget-wrap elementor-element-populated\">\n\t\t\t\t\t\t<div class=\"elementor-element elementor-element-26b6b54 elementor-widget-divider--view-line elementor-widget elementor-widget-divider\" data-id=\"26b6b54\" data-element_type=\"widget\" data-e-type=\"widget\" data-widget_type=\"divider.default\">\n\t\t\t\t<div class=\"elementor-widget-container\">\n\t\t\t\t\t\t\t<div class=\"elementor-divider\">\n\t\t\t<span class=\"elementor-divider-separator\">\n\t\t\t\t\t\t<\/span>\n\t\t<\/div>\n\t\t\t\t\t\t<\/div>\n\t\t\t\t<\/div>\n\t\t\t\t\t<\/div>\n\t\t<\/div>\n\t\t\t\t\t<\/div>\n\t\t<\/section>\n\t\t\t\t<\/div>\n\t\t","protected":false},"excerpt":{"rendered":"<p>Datenschutzerkl\u00e4rung \u00a0 \u00a0 Tex Consulting Kathrin Birk nimmt den Schutz Ihrer perso\u0308nlichen Daten sehr ernst. Wir behandeln Ihre personenbezogenen Daten vertraulich und entsprechend der gesetzlichen Datenschutzvorschriften sowie dieser Datenschutzerkl\u00e4rung. Deshalb stellen wir Ihnen die Datenverarbeitungsvorg\u00e4nge auf unseren Webseiten im Folgenden transparent dar, damit Ihnen deutlich&#8230;<\/p>\n","protected":false},"author":1,"featured_media":0,"parent":0,"menu_order":0,"comment_status":"closed","ping_status":"closed","template":"","meta":{"footnotes":""},"class_list":["post-547","page","type-page","status-publish","hentry"],"_links":{"self":[{"href":"https:\/\/chute-agency.com\/en\/wp-json\/wp\/v2\/pages\/547","targetHints":{"allow":["GET"]}}],"collection":[{"href":"https:\/\/chute-agency.com\/en\/wp-json\/wp\/v2\/pages"}],"about":[{"href":"https:\/\/chute-agency.com\/en\/wp-json\/wp\/v2\/types\/page"}],"author":[{"embeddable":true,"href":"https:\/\/chute-agency.com\/en\/wp-json\/wp\/v2\/users\/1"}],"replies":[{"embeddable":true,"href":"https:\/\/chute-agency.com\/en\/wp-json\/wp\/v2\/comments?post=547"}],"version-history":[{"count":3,"href":"https:\/\/chute-agency.com\/en\/wp-json\/wp\/v2\/pages\/547\/revisions"}],"predecessor-version":[{"id":1419,"href":"https:\/\/chute-agency.com\/en\/wp-json\/wp\/v2\/pages\/547\/revisions\/1419"}],"wp:attachment":[{"href":"https:\/\/chute-agency.com\/en\/wp-json\/wp\/v2\/media?parent=547"}],"curies":[{"name":"wp","href":"https:\/\/api.w.org\/{rel}","templated":true}]}}